{"id":142,"date":"2019-04-25T10:00:37","date_gmt":"2019-04-25T10:00:37","guid":{"rendered":"http:\/\/demo.archiwp.com\/archi-industry\/?page_id=142"},"modified":"2024-06-12T04:03:14","modified_gmt":"2024-06-12T02:03:14","slug":"our-services","status":"publish","type":"page","link":"https:\/\/pcbqro.com\/index.php\/our-services\/","title":{"rendered":"Servicios"},"content":{"rendered":"<div class=\"wpb-content-wrapper\"><p>[vc_row css=&#8221;.vc_custom_1556006288868{padding-top: 90px !important;padding-bottom: 60px !important;}&#8221;][vc_column width=&#8221;1\/3&#8243;][vc_single_image image=&#8221;387&#8243; img_size=&#8221;full&#8221; onclick=&#8221;custom_link&#8221; img_link_target=&#8221;_blank&#8221; css=&#8221;.vc_custom_1717618199926{margin-bottom: 0px !important;}&#8221; link=&#8221;http:\/\/demo.archiwp.com\/archi-industry\/services\/manufacturing\/&#8221;][vc_empty_space][vc_column_text]<\/p>\n<h3>Venta de Equipos e Insumos de Aire Acondicionado<\/h3>\n<p>En Proveedora de Climas Baj\u00edo, ofrecemos una amplia gama de equipos de aire acondicionado y todos los insumos necesarios para su instalaci\u00f3n y mantenimiento. Trabajamos con las mejores marcas del mercado para garantizar la m\u00e1xima eficiencia y durabilidad de nuestros productos. Nuestro equipo de expertos est\u00e1 disponible para asesorarte y ayudarte a elegir el equipo que mejor se adapte a tus necesidades y presupuesto.<\/p>\n<ul>\n<li><em>Explora nuestra variedad de equipos y encuentra el ideal para ti <a href=\"#\" rel=\"noreferrer\">Ver productos<\/a><\/em><\/li>\n<\/ul>\n<p>[\/vc_column_text][\/vc_column][vc_column width=&#8221;1\/3&#8243;][vc_single_image image=&#8221;397&#8243; img_size=&#8221;full&#8221; css=&#8221;.vc_custom_1717620101630{margin-bottom: 0px !important;}&#8221;][vc_empty_space][vc_column_text]<\/p>\n<h3>Capacitaci\u00f3n para Instaladores<\/h3>\n<p>En Proveedora de Climas Baj\u00edo, nos comprometemos a elevar los est\u00e1ndares de la industria de climatizaci\u00f3n. Ofrecemos programas de capacitaci\u00f3n dise\u00f1ados para profesionales que desean mejorar sus habilidades y conocimientos en la instalaci\u00f3n de sistemas de aire acondicionado. Nuestros cursos cubren desde los fundamentos hasta t\u00e9cnicas avanzadas, proporcionando una formaci\u00f3n completa y pr\u00e1ctica.<\/p>\n<ul>\n<li style=\"list-style-type: none;\">\n<ul>\n<li><em>Recibe informaci\u00f3n sobre nuestros cursos\u00a0 <a href=\"#\" rel=\"noreferrer\">M\u00e1s informaci\u00f3n<\/a><\/em><\/li>\n<\/ul>\n<\/li>\n<\/ul>\n<p>[\/vc_column_text][\/vc_column][vc_column width=&#8221;1\/3&#8243;][vc_single_image image=&#8221;394&#8243; img_size=&#8221;full&#8221; onclick=&#8221;custom_link&#8221; img_link_target=&#8221;_blank&#8221; css=&#8221;.vc_custom_1717619254388{margin-bottom: 0px !important;}&#8221; link=&#8221;http:\/\/demo.archiwp.com\/archi-industry\/services\/manufacturing\/&#8221;][vc_empty_space][vc_column_text]<\/p>\n<h3>Sistemas de Dom\u00f3tica para Climatizaci\u00f3n<\/h3>\n<p>Moderniza tu hogar o negocio con nuestros sistemas de dom\u00f3tica. Estos sistemas te permiten controlar y gestionar tu climatizaci\u00f3n de forma remota, optimizando el confort y el consumo energ\u00e9tico. Desde una aplicaci\u00f3n en tu dispositivo m\u00f3vil, puedes ajustar la temperatura, programar horarios y recibir alertas sobre el funcionamiento de tu sistema.<\/p>\n<ul>\n<li><em>Descubre c\u00f3mo la dom\u00f3tica puede transformar tu espacio <a href=\"https:\/\/pcbqro.com\/index.php\/2015\/08\/11\/domotica-queretaro\/\" rel=\"noreferrer\">M\u00e1s informaci\u00f3n<\/a><\/em><\/li>\n<\/ul>\n<p>[\/vc_column_text][\/vc_column][\/vc_row][vc_row css=&#8221;.vc_custom_1556006288868{padding-top: 90px !important;padding-bottom: 60px !important;}&#8221;][vc_column width=&#8221;1\/3&#8243;][vc_empty_space][\/vc_column][vc_column width=&#8221;1\/3&#8243;][vc_single_image image=&#8221;399&#8243; img_size=&#8221;full&#8221; css=&#8221;.vc_custom_1717620663478{margin-bottom: 0px !important;}&#8221;][vc_empty_space][vc_column_text css=&#8221;.vc_custom_1717620817173{margin-bottom: 0px !important;}&#8221;]<\/p>\n<h3>Asesor\u00edas y Servicios Posventa<\/h3>\n<p>Nuestro compromiso contigo no termina con la compra e instalaci\u00f3n de tu sistema de aire acondicionado. Ofrecemos asesor\u00edas continuas para maximizar el rendimiento de tu sistema y resolver cualquier duda que puedas tener. Adem\u00e1s, nuestros servicios posventa aseguran que cualquier inconveniente se solucione de manera r\u00e1pida y eficiente, garantizando tu satisfacci\u00f3n a largo plazo.<\/p>\n<ul>\n<li><em>Aprovecha nuestro soporte experto y mant\u00e9n tu sistema en \u00f3ptimas condiciones <a href=\"#\" rel=\"noreferrer\">Contactar<\/a><\/em><\/li>\n<\/ul>\n<p>[\/vc_column_text][\/vc_column][vc_column width=&#8221;1\/3&#8243;][vc_empty_space][\/vc_column][\/vc_row][vc_row el_class=&#8221;call-to-action bg-color text-light&#8221; css=&#8221;.vc_custom_1557733260198{padding-top: 30px !important;padding-bottom: 40px !important;}&#8221;][vc_column width=&#8221;2\/3&#8243;]\n\t<!-- Element: OT Heading --> \t \n\t<h3 class=\"ot_custom_heading mt20 \" style=\"\" >Obt\u00e9n tu cotizaci\u00f3n sin compromiso<\/h3>\t\n[\/vc_column][vc_column width=&#8221;1\/3&#8243; el_class=&#8221;text-right&#8221;]\t\t\t\n\t<!-- Element: OT Button 2 --> \n\t<a href=\"https:\/\/pcbqro.com\/index.php\/contact\/\" title=\"Solicitar cotizaci\u00f3n\" target=\"_blank\" class=\"btn btn-line btn-big mt10\">Solicitar cotizaci\u00f3n<\/a>\t\n[\/vc_column][\/vc_row]<\/p>\n<\/div>","protected":false},"excerpt":{"rendered":"<p>[vc_row css=&#8221;.vc_custom_1556006288868{padding-top: 90px !important;padding-bottom: 60px !important;}&#8221;][vc_column width=&#8221;1\/3&#8243;][vc_single_image image=&#8221;387&#8243; img_size=&#8221;full&#8221; onclick=&#8221;custom_link&#8221; img_link_target=&#8221;_blank&#8221; css=&#8221;.vc_custom_1717618199926{margin-bottom: 0px !important;}&#8221; link=&#8221;http:\/\/demo.archiwp.com\/archi-industry\/services\/manufacturing\/&#8221;][vc_empty_space][vc_column_text] Venta de Equipos e Insumos de Aire Acondicionado En Proveedora de Climas Baj\u00edo, ofrecemos una amplia gama de equipos de aire acondicionado y todos los insumos necesarios para su instalaci\u00f3n y mantenimiento. Trabajamos con las mejores marcas del mercado para [&hellip;]<\/p>\n","protected":false},"author":1,"featured_media":0,"parent":0,"menu_order":0,"comment_status":"closed","ping_status":"closed","template":"page-templates\/template-fullwidth.php","meta":{"_joinchat":[],"footnotes":""},"class_list":["post-142","page","type-page","status-publish","hentry"],"yoast_head":"<!-- This site is optimized with the Yoast SEO Premium plugin v22.8 (Yoast SEO v24.8.1) - https:\/\/yoast.com\/wordpress\/plugins\/seo\/ -->\n<title>Servicios ~ Proveedora de Climas del Baj\u00edo, S.A. de C.V.<\/title>\n<meta name=\"robots\" content=\"index, follow, max-snippet:-1, max-image-preview:large, max-video-preview:-1\" \/>\n<link rel=\"canonical\" href=\"https:\/\/pcbqro.com\/index.php\/our-services\/\" \/>\n<meta property=\"og:locale\" content=\"es_ES\" \/>\n<meta property=\"og:type\" content=\"article\" \/>\n<meta property=\"og:title\" content=\"Servicios\" \/>\n<meta property=\"og:description\" content=\"[vc_row css=&#8221;.vc_custom_1556006288868{padding-top: 90px !important;padding-bottom: 60px !important;}&#8221;][vc_column width=&#8221;1\/3&#8243;][vc_single_image image=&#8221;387&#8243; img_size=&#8221;full&#8221; onclick=&#8221;custom_link&#8221; img_link_target=&#8221;_blank&#8221; css=&#8221;.vc_custom_1717618199926{margin-bottom: 0px !important;}&#8221; link=&#8221;http:\/\/demo.archiwp.com\/archi-industry\/services\/manufacturing\/&#8221;][vc_empty_space][vc_column_text] Venta de Equipos e Insumos de Aire Acondicionado En Proveedora de Climas Baj\u00edo, ofrecemos una amplia gama de equipos de aire acondicionado y todos los insumos necesarios para su instalaci\u00f3n y mantenimiento. Trabajamos con las mejores marcas del mercado para [&hellip;]\" \/>\n<meta property=\"og:url\" content=\"https:\/\/pcbqro.com\/index.php\/our-services\/\" \/>\n<meta property=\"og:site_name\" content=\"Proveedora de Climas del Baj\u00edo, S.A. de C.V.\" \/>\n<meta property=\"article:publisher\" content=\"https:\/\/www.facebook.com\/proveedoraqueretanadeclimas\/\" \/>\n<meta property=\"article:modified_time\" content=\"2024-06-12T02:03:14+00:00\" \/>\n<meta property=\"og:image\" content=\"https:\/\/pcbqro.com\/wp-content\/uploads\/2024\/04\/PCB-QUERETARO.png\" \/>\n\t<meta property=\"og:image:width\" content=\"3760\" \/>\n\t<meta property=\"og:image:height\" content=\"1438\" \/>\n\t<meta property=\"og:image:type\" content=\"image\/png\" \/>\n<meta name=\"twitter:card\" content=\"summary_large_image\" \/>\n<meta name=\"twitter:label1\" content=\"Tiempo de lectura\" \/>\n\t<meta name=\"twitter:data1\" content=\"3 minutos\" \/>\n<script type=\"application\/ld+json\" class=\"yoast-schema-graph\">{\"@context\":\"https:\/\/schema.org\",\"@graph\":[{\"@type\":\"WebPage\",\"@id\":\"https:\/\/pcbqro.com\/index.php\/our-services\/\",\"url\":\"https:\/\/pcbqro.com\/index.php\/our-services\/\",\"name\":\"Servicios ~ Proveedora de Climas del Baj\u00edo, S.A. de C.V.\",\"isPartOf\":{\"@id\":\"https:\/\/pcbqro.com\/#website\"},\"datePublished\":\"2019-04-25T10:00:37+00:00\",\"dateModified\":\"2024-06-12T02:03:14+00:00\",\"breadcrumb\":{\"@id\":\"https:\/\/pcbqro.com\/index.php\/our-services\/#breadcrumb\"},\"inLanguage\":\"es\",\"potentialAction\":[{\"@type\":\"ReadAction\",\"target\":[\"https:\/\/pcbqro.com\/index.php\/our-services\/\"]}]},{\"@type\":\"BreadcrumbList\",\"@id\":\"https:\/\/pcbqro.com\/index.php\/our-services\/#breadcrumb\",\"itemListElement\":[{\"@type\":\"ListItem\",\"position\":1,\"name\":\"Portada\",\"item\":\"https:\/\/pcbqro.com\/\"},{\"@type\":\"ListItem\",\"position\":2,\"name\":\"Servicios\"}]},{\"@type\":\"WebSite\",\"@id\":\"https:\/\/pcbqro.com\/#website\",\"url\":\"https:\/\/pcbqro.com\/\",\"name\":\"Proveedora de Climas del Baj\u00edo, S.A. de C.V.\",\"description\":\"Proveedora de Climas del Baj\u00edo\",\"publisher\":{\"@id\":\"https:\/\/pcbqro.com\/#organization\"},\"potentialAction\":[{\"@type\":\"SearchAction\",\"target\":{\"@type\":\"EntryPoint\",\"urlTemplate\":\"https:\/\/pcbqro.com\/?s={search_term_string}\"},\"query-input\":{\"@type\":\"PropertyValueSpecification\",\"valueRequired\":true,\"valueName\":\"search_term_string\"}}],\"inLanguage\":\"es\"},{\"@type\":\"Organization\",\"@id\":\"https:\/\/pcbqro.com\/#organization\",\"name\":\"Proveedora de Climas del Baj\u00edo, S.A. de C.V.\",\"url\":\"https:\/\/pcbqro.com\/\",\"logo\":{\"@type\":\"ImageObject\",\"inLanguage\":\"es\",\"@id\":\"https:\/\/pcbqro.com\/#\/schema\/logo\/image\/\",\"url\":\"https:\/\/pcbqro.com\/wp-content\/uploads\/2024\/04\/PCB-QUERETARO.png\",\"contentUrl\":\"https:\/\/pcbqro.com\/wp-content\/uploads\/2024\/04\/PCB-QUERETARO.png\",\"width\":3760,\"height\":1438,\"caption\":\"Proveedora de Climas del Baj\u00edo, S.A. de C.V.\"},\"image\":{\"@id\":\"https:\/\/pcbqro.com\/#\/schema\/logo\/image\/\"},\"sameAs\":[\"https:\/\/www.facebook.com\/proveedoraqueretanadeclimas\/\"],\"publishingPrinciples\":\"https:\/\/pcbqro.com\/index.php\/politica-privacidad\/\",\"ownershipFundingInfo\":\"https:\/\/pcbqro.com\/index.php\/politica-privacidad\/\",\"actionableFeedbackPolicy\":\"https:\/\/pcbqro.com\/index.php\/politica-privacidad\/\",\"correctionsPolicy\":\"https:\/\/pcbqro.com\/index.php\/politica-privacidad\/\",\"ethicsPolicy\":\"https:\/\/pcbqro.com\/index.php\/politica-privacidad\/\",\"diversityPolicy\":\"https:\/\/pcbqro.com\/index.php\/politica-privacidad\/\",\"diversityStaffingReport\":\"https:\/\/pcbqro.com\/index.php\/politica-privacidad\/\"}]}<\/script>\n<!-- \/ Yoast SEO Premium plugin. -->","yoast_head_json":{"title":"Servicios ~ Proveedora de Climas del Baj\u00edo, S.A. de C.V.","robots":{"index":"index","follow":"follow","max-snippet":"max-snippet:-1","max-image-preview":"max-image-preview:large","max-video-preview":"max-video-preview:-1"},"canonical":"https:\/\/pcbqro.com\/index.php\/our-services\/","og_locale":"es_ES","og_type":"article","og_title":"Servicios","og_description":"[vc_row css=&#8221;.vc_custom_1556006288868{padding-top: 90px !important;padding-bottom: 60px !important;}&#8221;][vc_column width=&#8221;1\/3&#8243;][vc_single_image image=&#8221;387&#8243; img_size=&#8221;full&#8221; onclick=&#8221;custom_link&#8221; img_link_target=&#8221;_blank&#8221; css=&#8221;.vc_custom_1717618199926{margin-bottom: 0px !important;}&#8221; link=&#8221;http:\/\/demo.archiwp.com\/archi-industry\/services\/manufacturing\/&#8221;][vc_empty_space][vc_column_text] Venta de Equipos e Insumos de Aire Acondicionado En Proveedora de Climas Baj\u00edo, ofrecemos una amplia gama de equipos de aire acondicionado y todos los insumos necesarios para su instalaci\u00f3n y mantenimiento. Trabajamos con las mejores marcas del mercado para [&hellip;]","og_url":"https:\/\/pcbqro.com\/index.php\/our-services\/","og_site_name":"Proveedora de Climas del Baj\u00edo, S.A. de C.V.","article_publisher":"https:\/\/www.facebook.com\/proveedoraqueretanadeclimas\/","article_modified_time":"2024-06-12T02:03:14+00:00","og_image":[{"width":3760,"height":1438,"url":"https:\/\/pcbqro.com\/wp-content\/uploads\/2024\/04\/PCB-QUERETARO.png","type":"image\/png"}],"twitter_card":"summary_large_image","twitter_misc":{"Tiempo de lectura":"3 minutos"},"schema":{"@context":"https:\/\/schema.org","@graph":[{"@type":"WebPage","@id":"https:\/\/pcbqro.com\/index.php\/our-services\/","url":"https:\/\/pcbqro.com\/index.php\/our-services\/","name":"Servicios ~ Proveedora de Climas del Baj\u00edo, S.A. de C.V.","isPartOf":{"@id":"https:\/\/pcbqro.com\/#website"},"datePublished":"2019-04-25T10:00:37+00:00","dateModified":"2024-06-12T02:03:14+00:00","breadcrumb":{"@id":"https:\/\/pcbqro.com\/index.php\/our-services\/#breadcrumb"},"inLanguage":"es","potentialAction":[{"@type":"ReadAction","target":["https:\/\/pcbqro.com\/index.php\/our-services\/"]}]},{"@type":"BreadcrumbList","@id":"https:\/\/pcbqro.com\/index.php\/our-services\/#breadcrumb","itemListElement":[{"@type":"ListItem","position":1,"name":"Portada","item":"https:\/\/pcbqro.com\/"},{"@type":"ListItem","position":2,"name":"Servicios"}]},{"@type":"WebSite","@id":"https:\/\/pcbqro.com\/#website","url":"https:\/\/pcbqro.com\/","name":"Proveedora de Climas del Baj\u00edo, S.A. de C.V.","description":"Proveedora de Climas del Baj\u00edo","publisher":{"@id":"https:\/\/pcbqro.com\/#organization"},"potentialAction":[{"@type":"SearchAction","target":{"@type":"EntryPoint","urlTemplate":"https:\/\/pcbqro.com\/?s={search_term_string}"},"query-input":{"@type":"PropertyValueSpecification","valueRequired":true,"valueName":"search_term_string"}}],"inLanguage":"es"},{"@type":"Organization","@id":"https:\/\/pcbqro.com\/#organization","name":"Proveedora de Climas del Baj\u00edo, S.A. de C.V.","url":"https:\/\/pcbqro.com\/","logo":{"@type":"ImageObject","inLanguage":"es","@id":"https:\/\/pcbqro.com\/#\/schema\/logo\/image\/","url":"https:\/\/pcbqro.com\/wp-content\/uploads\/2024\/04\/PCB-QUERETARO.png","contentUrl":"https:\/\/pcbqro.com\/wp-content\/uploads\/2024\/04\/PCB-QUERETARO.png","width":3760,"height":1438,"caption":"Proveedora de Climas del Baj\u00edo, S.A. de C.V."},"image":{"@id":"https:\/\/pcbqro.com\/#\/schema\/logo\/image\/"},"sameAs":["https:\/\/www.facebook.com\/proveedoraqueretanadeclimas\/"],"publishingPrinciples":"https:\/\/pcbqro.com\/index.php\/politica-privacidad\/","ownershipFundingInfo":"https:\/\/pcbqro.com\/index.php\/politica-privacidad\/","actionableFeedbackPolicy":"https:\/\/pcbqro.com\/index.php\/politica-privacidad\/","correctionsPolicy":"https:\/\/pcbqro.com\/index.php\/politica-privacidad\/","ethicsPolicy":"https:\/\/pcbqro.com\/index.php\/politica-privacidad\/","diversityPolicy":"https:\/\/pcbqro.com\/index.php\/politica-privacidad\/","diversityStaffingReport":"https:\/\/pcbqro.com\/index.php\/politica-privacidad\/"}]}},"_links":{"self":[{"href":"https:\/\/pcbqro.com\/index.php\/wp-json\/wp\/v2\/pages\/142","targetHints":{"allow":["GET"]}}],"collection":[{"href":"https:\/\/pcbqro.com\/index.php\/wp-json\/wp\/v2\/pages"}],"about":[{"href":"https:\/\/pcbqro.com\/index.php\/wp-json\/wp\/v2\/types\/page"}],"author":[{"embeddable":true,"href":"https:\/\/pcbqro.com\/index.php\/wp-json\/wp\/v2\/users\/1"}],"replies":[{"embeddable":true,"href":"https:\/\/pcbqro.com\/index.php\/wp-json\/wp\/v2\/comments?post=142"}],"version-history":[{"count":19,"href":"https:\/\/pcbqro.com\/index.php\/wp-json\/wp\/v2\/pages\/142\/revisions"}],"predecessor-version":[{"id":474,"href":"https:\/\/pcbqro.com\/index.php\/wp-json\/wp\/v2\/pages\/142\/revisions\/474"}],"wp:attachment":[{"href":"https:\/\/pcbqro.com\/index.php\/wp-json\/wp\/v2\/media?parent=142"}],"curies":[{"name":"wp","href":"https:\/\/api.w.org\/{rel}","templated":true}]}}