{"id":169,"date":"2019-05-02T07:01:39","date_gmt":"2019-05-02T07:01:39","guid":{"rendered":"http:\/\/demo.archiwp.com\/archi-industry\/?page_id=169"},"modified":"2024-08-30T14:15:21","modified_gmt":"2024-08-30T20:15:21","slug":"about","status":"publish","type":"page","link":"https:\/\/pcbqro.com\/index.php\/about\/","title":{"rendered":"Nosotros"},"content":{"rendered":"<div class=\"wpb-content-wrapper\"><p>[vc_row css=&#8221;.vc_custom_1556780827692{padding-top: 90px !important;padding-bottom: 60px !important;}&#8221;][vc_column width=&#8221;1\/3&#8243;][vc_column_text]<\/p>\n<h2 class=\"vc_custom_heading mt0\">TU ALIADO EN CONFORT Y CLIMATIZACI\u00d3N<\/h2>\n<p>[\/vc_column_text][\/vc_column][vc_column width=&#8221;1\/3&#8243;][vc_custom_heading text=&#8221;Visi\u00f3n&#8221; font_container=&#8221;tag:h3|text_align:left&#8221; use_theme_fonts=&#8221;yes&#8221;][vc_column_text]En Proveedora de Climas del Baj\u00edo, nuestra visi\u00f3n es ser la empresa l\u00edder en soluciones de climatizaci\u00f3n en la regi\u00f3n del Baj\u00edo, reconocida por nuestra excelencia en calidad, innovaci\u00f3n y servicio al cliente. Aspiramos a crear ambientes confortables y saludables, mejorando la calidad de vida de nuestros clientes a trav\u00e9s de tecnolog\u00edas avanzadas y pr\u00e1cticas sostenibles.[\/vc_column_text][vc_single_image image=&#8221;28&#8243; img_size=&#8221;full&#8221; onclick=&#8221;link_image&#8221;][\/vc_column][vc_column width=&#8221;1\/3&#8243;][vc_single_image image=&#8221;29&#8243; img_size=&#8221;full&#8221; onclick=&#8221;link_image&#8221;][vc_custom_heading text=&#8221;Misi\u00f3n&#8221; font_container=&#8221;tag:h3|text_align:left&#8221; use_theme_fonts=&#8221;yes&#8221;][vc_column_text]Nuestra misi\u00f3n es proporcionar a nuestros clientes un ambiente confortable y saludable a trav\u00e9s de productos de climatizaci\u00f3n de alta calidad y servicios profesionales. Nos esforzamos por superar las expectativas de nuestros clientes mediante la innovaci\u00f3n, la eficiencia y la excelencia en cada proyecto.<\/p>\n<h2 style=\"letter-spacing: 0px;\"><\/h2>\n<div class=\"spacer-single\"><\/div>\n<div class=\"row\">\n<div class=\"col-md-6\"><\/div>\n<\/div>\n<p>[\/vc_column_text][\/vc_column][\/vc_row][vc_row archi_parallax2=&#8221;yes&#8221; el_class=&#8221;text-light&#8221; css=&#8221;.vc_custom_1717635828400{padding-top: 60px !important;padding-bottom: 60px !important;background-image: url(https:\/\/pcbqro.com\/wp-content\/uploads\/2024\/05\/PCB-qro-scaled.jpg?id=286) !important;}&#8221;][vc_column width=&#8221;1\/3&#8243;]\t<!-- Element: OT Our Facts -->\n\t<div class=\"de_count \">\n                <h3 class=\"timer\" data-to=\"35180\" data-speed=\"2500\">0<\/h3>\n        <span>HOURS OF WORKS<\/span>\n    <\/div>\n\n[\/vc_column][vc_column width=&#8221;1\/3&#8243;]\t<!-- Element: OT Our Facts -->\n\t<div class=\"de_count \">\n                <h3 class=\"timer\" data-to=\"2450\" data-speed=\"2500\">0<\/h3>\n        <span>TASKS DONE<\/span>\n    <\/div>\n\n[\/vc_column][vc_column width=&#8221;1\/3&#8243;]\t<!-- Element: OT Our Facts -->\n\t<div class=\"de_count \">\n                <h3 class=\"timer\" data-to=\"1200\" data-speed=\"2500\">0<\/h3>\n        <span>FEEDBACK RECEIVED<\/span>\n    <\/div>\n\n[\/vc_column][\/vc_row][vc_row][vc_column][vc_column_text]<\/p>\n<h2 style=\"letter-spacing: 0px;\"><strong>Nuestro Equipo<\/strong><\/h2>\n<div class=\"spacer-single\"><\/div>\n<div class=\"row\">\n<div class=\"col-md-6\">\n<p>Contamos con un equipo de profesionales altamente capacitados y con amplia experiencia en el sector de la climatizaci\u00f3n. Nuestros t\u00e9cnicos est\u00e1n certificados y en constante formaci\u00f3n para asegurar que ofrecemos siempre el mejor servicio posible. Desde el primer contacto hasta la finalizaci\u00f3n del proyecto, nuestro equipo trabaja con dedicaci\u00f3n y esmero para garantizar la satisfacci\u00f3n de nuestros clientes.<\/p><\/div>\n<p>En Proveedora de Climas del Baj\u00edo, nuestra visi\u00f3n es ser la empresa l\u00edder en soluciones de climatizaci\u00f3n en la regi\u00f3n del Baj\u00edo, reconocida por nuestra excelencia en calidad, innovaci\u00f3n y servicio al cliente. Aspiramos a crear ambientes confortables y saludables, mejorando la calidad de vida de nuestros clientes a trav\u00e9s de tecnolog\u00edas avanzadas y pr\u00e1cticas sostenibles.<\/p><\/div>\n<p>[\/vc_column_text][vc_btn title=&#8221;Cont\u00e1ctanos&#8221; shape=&#8221;square&#8221; align=&#8221;center&#8221; css_animation=&#8221;fadeIn&#8221; css=&#8221;.vc_custom_1725048911758{background-color: #d1d1d1 !important;border-color: #0a0a0a !important;}&#8221; button_block=&#8221;true&#8221;][\/vc_column][\/vc_row][vc_row][vc_column][vc_column_text][\/vc_column_text][\/vc_column][\/vc_row][vc_row][vc_column][vc_column_text][\/vc_column_text][\/vc_column][\/vc_row][vc_row][vc_column][vc_column_text][\/vc_column_text][\/vc_column][\/vc_row]<\/p>\n<\/div>","protected":false},"excerpt":{"rendered":"<p>[vc_row css=&#8221;.vc_custom_1556780827692{padding-top: 90px !important;padding-bottom: 60px !important;}&#8221;][vc_column width=&#8221;1\/3&#8243;][vc_column_text] TU ALIADO EN CONFORT Y CLIMATIZACI\u00d3N [\/vc_column_text][\/vc_column][vc_column width=&#8221;1\/3&#8243;][vc_custom_heading text=&#8221;Visi\u00f3n&#8221; font_container=&#8221;tag:h3|text_align:left&#8221; use_theme_fonts=&#8221;yes&#8221;][vc_column_text]En Proveedora de Climas del Baj\u00edo, nuestra visi\u00f3n es ser la empresa l\u00edder en soluciones de climatizaci\u00f3n en la regi\u00f3n del Baj\u00edo, reconocida por nuestra excelencia en calidad, innovaci\u00f3n y servicio al cliente. Aspiramos a crear ambientes confortables [&hellip;]<\/p>\n","protected":false},"author":1,"featured_media":0,"parent":0,"menu_order":0,"comment_status":"closed","ping_status":"closed","template":"page-templates\/template-fullwidth.php","meta":{"_joinchat":[],"footnotes":""},"class_list":["post-169","page","type-page","status-publish","hentry"],"yoast_head":"<!-- This site is optimized with the Yoast SEO Premium plugin v22.8 (Yoast SEO v24.8.1) - https:\/\/yoast.com\/wordpress\/plugins\/seo\/ -->\n<title>Nosotros ~ Proveedora de Climas del Baj\u00edo, S.A. de C.V.<\/title>\n<meta name=\"robots\" content=\"index, follow, max-snippet:-1, max-image-preview:large, max-video-preview:-1\" \/>\n<link rel=\"canonical\" href=\"https:\/\/pcbqro.com\/index.php\/about\/\" \/>\n<meta property=\"og:locale\" content=\"es_ES\" \/>\n<meta property=\"og:type\" content=\"article\" \/>\n<meta property=\"og:title\" content=\"Nosotros\" \/>\n<meta property=\"og:description\" content=\"[vc_row css=&#8221;.vc_custom_1556780827692{padding-top: 90px !important;padding-bottom: 60px !important;}&#8221;][vc_column width=&#8221;1\/3&#8243;][vc_column_text] TU ALIADO EN CONFORT Y CLIMATIZACI\u00d3N [\/vc_column_text][\/vc_column][vc_column width=&#8221;1\/3&#8243;][vc_custom_heading text=&#8221;Visi\u00f3n&#8221; font_container=&#8221;tag:h3|text_align:left&#8221; use_theme_fonts=&#8221;yes&#8221;][vc_column_text]En Proveedora de Climas del Baj\u00edo, nuestra visi\u00f3n es ser la empresa l\u00edder en soluciones de climatizaci\u00f3n en la regi\u00f3n del Baj\u00edo, reconocida por nuestra excelencia en calidad, innovaci\u00f3n y servicio al cliente. Aspiramos a crear ambientes confortables [&hellip;]\" \/>\n<meta property=\"og:url\" content=\"https:\/\/pcbqro.com\/index.php\/about\/\" \/>\n<meta property=\"og:site_name\" content=\"Proveedora de Climas del Baj\u00edo, S.A. de C.V.\" \/>\n<meta property=\"article:publisher\" content=\"https:\/\/www.facebook.com\/proveedoraqueretanadeclimas\/\" \/>\n<meta property=\"article:modified_time\" content=\"2024-08-30T20:15:21+00:00\" \/>\n<meta property=\"og:image\" content=\"https:\/\/pcbqro.com\/wp-content\/uploads\/2024\/04\/PCB-QUERETARO.png\" \/>\n\t<meta property=\"og:image:width\" content=\"3760\" \/>\n\t<meta property=\"og:image:height\" content=\"1438\" \/>\n\t<meta property=\"og:image:type\" content=\"image\/png\" \/>\n<meta name=\"twitter:card\" content=\"summary_large_image\" \/>\n<meta name=\"twitter:label1\" content=\"Tiempo de lectura\" \/>\n\t<meta name=\"twitter:data1\" content=\"2 minutos\" \/>\n<script type=\"application\/ld+json\" class=\"yoast-schema-graph\">{\"@context\":\"https:\/\/schema.org\",\"@graph\":[{\"@type\":\"WebPage\",\"@id\":\"https:\/\/pcbqro.com\/index.php\/about\/\",\"url\":\"https:\/\/pcbqro.com\/index.php\/about\/\",\"name\":\"Nosotros ~ Proveedora de Climas del Baj\u00edo, S.A. de C.V.\",\"isPartOf\":{\"@id\":\"https:\/\/pcbqro.com\/#website\"},\"datePublished\":\"2019-05-02T07:01:39+00:00\",\"dateModified\":\"2024-08-30T20:15:21+00:00\",\"breadcrumb\":{\"@id\":\"https:\/\/pcbqro.com\/index.php\/about\/#breadcrumb\"},\"inLanguage\":\"es\",\"potentialAction\":[{\"@type\":\"ReadAction\",\"target\":[\"https:\/\/pcbqro.com\/index.php\/about\/\"]}]},{\"@type\":\"BreadcrumbList\",\"@id\":\"https:\/\/pcbqro.com\/index.php\/about\/#breadcrumb\",\"itemListElement\":[{\"@type\":\"ListItem\",\"position\":1,\"name\":\"Portada\",\"item\":\"https:\/\/pcbqro.com\/\"},{\"@type\":\"ListItem\",\"position\":2,\"name\":\"Nosotros\"}]},{\"@type\":\"WebSite\",\"@id\":\"https:\/\/pcbqro.com\/#website\",\"url\":\"https:\/\/pcbqro.com\/\",\"name\":\"Proveedora de Climas del Baj\u00edo, S.A. de C.V.\",\"description\":\"Proveedora de Climas del Baj\u00edo\",\"publisher\":{\"@id\":\"https:\/\/pcbqro.com\/#organization\"},\"potentialAction\":[{\"@type\":\"SearchAction\",\"target\":{\"@type\":\"EntryPoint\",\"urlTemplate\":\"https:\/\/pcbqro.com\/?s={search_term_string}\"},\"query-input\":{\"@type\":\"PropertyValueSpecification\",\"valueRequired\":true,\"valueName\":\"search_term_string\"}}],\"inLanguage\":\"es\"},{\"@type\":\"Organization\",\"@id\":\"https:\/\/pcbqro.com\/#organization\",\"name\":\"Proveedora de Climas del Baj\u00edo, S.A. de C.V.\",\"url\":\"https:\/\/pcbqro.com\/\",\"logo\":{\"@type\":\"ImageObject\",\"inLanguage\":\"es\",\"@id\":\"https:\/\/pcbqro.com\/#\/schema\/logo\/image\/\",\"url\":\"https:\/\/pcbqro.com\/wp-content\/uploads\/2024\/04\/PCB-QUERETARO.png\",\"contentUrl\":\"https:\/\/pcbqro.com\/wp-content\/uploads\/2024\/04\/PCB-QUERETARO.png\",\"width\":3760,\"height\":1438,\"caption\":\"Proveedora de Climas del Baj\u00edo, S.A. de C.V.\"},\"image\":{\"@id\":\"https:\/\/pcbqro.com\/#\/schema\/logo\/image\/\"},\"sameAs\":[\"https:\/\/www.facebook.com\/proveedoraqueretanadeclimas\/\"],\"publishingPrinciples\":\"https:\/\/pcbqro.com\/index.php\/politica-privacidad\/\",\"ownershipFundingInfo\":\"https:\/\/pcbqro.com\/index.php\/politica-privacidad\/\",\"actionableFeedbackPolicy\":\"https:\/\/pcbqro.com\/index.php\/politica-privacidad\/\",\"correctionsPolicy\":\"https:\/\/pcbqro.com\/index.php\/politica-privacidad\/\",\"ethicsPolicy\":\"https:\/\/pcbqro.com\/index.php\/politica-privacidad\/\",\"diversityPolicy\":\"https:\/\/pcbqro.com\/index.php\/politica-privacidad\/\",\"diversityStaffingReport\":\"https:\/\/pcbqro.com\/index.php\/politica-privacidad\/\"}]}<\/script>\n<!-- \/ Yoast SEO Premium plugin. -->","yoast_head_json":{"title":"Nosotros ~ Proveedora de Climas del Baj\u00edo, S.A. de C.V.","robots":{"index":"index","follow":"follow","max-snippet":"max-snippet:-1","max-image-preview":"max-image-preview:large","max-video-preview":"max-video-preview:-1"},"canonical":"https:\/\/pcbqro.com\/index.php\/about\/","og_locale":"es_ES","og_type":"article","og_title":"Nosotros","og_description":"[vc_row css=&#8221;.vc_custom_1556780827692{padding-top: 90px !important;padding-bottom: 60px !important;}&#8221;][vc_column width=&#8221;1\/3&#8243;][vc_column_text] TU ALIADO EN CONFORT Y CLIMATIZACI\u00d3N [\/vc_column_text][\/vc_column][vc_column width=&#8221;1\/3&#8243;][vc_custom_heading text=&#8221;Visi\u00f3n&#8221; font_container=&#8221;tag:h3|text_align:left&#8221; use_theme_fonts=&#8221;yes&#8221;][vc_column_text]En Proveedora de Climas del Baj\u00edo, nuestra visi\u00f3n es ser la empresa l\u00edder en soluciones de climatizaci\u00f3n en la regi\u00f3n del Baj\u00edo, reconocida por nuestra excelencia en calidad, innovaci\u00f3n y servicio al cliente. Aspiramos a crear ambientes confortables [&hellip;]","og_url":"https:\/\/pcbqro.com\/index.php\/about\/","og_site_name":"Proveedora de Climas del Baj\u00edo, S.A. de C.V.","article_publisher":"https:\/\/www.facebook.com\/proveedoraqueretanadeclimas\/","article_modified_time":"2024-08-30T20:15:21+00:00","og_image":[{"width":3760,"height":1438,"url":"https:\/\/pcbqro.com\/wp-content\/uploads\/2024\/04\/PCB-QUERETARO.png","type":"image\/png"}],"twitter_card":"summary_large_image","twitter_misc":{"Tiempo de lectura":"2 minutos"},"schema":{"@context":"https:\/\/schema.org","@graph":[{"@type":"WebPage","@id":"https:\/\/pcbqro.com\/index.php\/about\/","url":"https:\/\/pcbqro.com\/index.php\/about\/","name":"Nosotros ~ Proveedora de Climas del Baj\u00edo, S.A. de C.V.","isPartOf":{"@id":"https:\/\/pcbqro.com\/#website"},"datePublished":"2019-05-02T07:01:39+00:00","dateModified":"2024-08-30T20:15:21+00:00","breadcrumb":{"@id":"https:\/\/pcbqro.com\/index.php\/about\/#breadcrumb"},"inLanguage":"es","potentialAction":[{"@type":"ReadAction","target":["https:\/\/pcbqro.com\/index.php\/about\/"]}]},{"@type":"BreadcrumbList","@id":"https:\/\/pcbqro.com\/index.php\/about\/#breadcrumb","itemListElement":[{"@type":"ListItem","position":1,"name":"Portada","item":"https:\/\/pcbqro.com\/"},{"@type":"ListItem","position":2,"name":"Nosotros"}]},{"@type":"WebSite","@id":"https:\/\/pcbqro.com\/#website","url":"https:\/\/pcbqro.com\/","name":"Proveedora de Climas del Baj\u00edo, S.A. de C.V.","description":"Proveedora de Climas del Baj\u00edo","publisher":{"@id":"https:\/\/pcbqro.com\/#organization"},"potentialAction":[{"@type":"SearchAction","target":{"@type":"EntryPoint","urlTemplate":"https:\/\/pcbqro.com\/?s={search_term_string}"},"query-input":{"@type":"PropertyValueSpecification","valueRequired":true,"valueName":"search_term_string"}}],"inLanguage":"es"},{"@type":"Organization","@id":"https:\/\/pcbqro.com\/#organization","name":"Proveedora de Climas del Baj\u00edo, S.A. de C.V.","url":"https:\/\/pcbqro.com\/","logo":{"@type":"ImageObject","inLanguage":"es","@id":"https:\/\/pcbqro.com\/#\/schema\/logo\/image\/","url":"https:\/\/pcbqro.com\/wp-content\/uploads\/2024\/04\/PCB-QUERETARO.png","contentUrl":"https:\/\/pcbqro.com\/wp-content\/uploads\/2024\/04\/PCB-QUERETARO.png","width":3760,"height":1438,"caption":"Proveedora de Climas del Baj\u00edo, S.A. de C.V."},"image":{"@id":"https:\/\/pcbqro.com\/#\/schema\/logo\/image\/"},"sameAs":["https:\/\/www.facebook.com\/proveedoraqueretanadeclimas\/"],"publishingPrinciples":"https:\/\/pcbqro.com\/index.php\/politica-privacidad\/","ownershipFundingInfo":"https:\/\/pcbqro.com\/index.php\/politica-privacidad\/","actionableFeedbackPolicy":"https:\/\/pcbqro.com\/index.php\/politica-privacidad\/","correctionsPolicy":"https:\/\/pcbqro.com\/index.php\/politica-privacidad\/","ethicsPolicy":"https:\/\/pcbqro.com\/index.php\/politica-privacidad\/","diversityPolicy":"https:\/\/pcbqro.com\/index.php\/politica-privacidad\/","diversityStaffingReport":"https:\/\/pcbqro.com\/index.php\/politica-privacidad\/"}]}},"_links":{"self":[{"href":"https:\/\/pcbqro.com\/index.php\/wp-json\/wp\/v2\/pages\/169","targetHints":{"allow":["GET"]}}],"collection":[{"href":"https:\/\/pcbqro.com\/index.php\/wp-json\/wp\/v2\/pages"}],"about":[{"href":"https:\/\/pcbqro.com\/index.php\/wp-json\/wp\/v2\/types\/page"}],"author":[{"embeddable":true,"href":"https:\/\/pcbqro.com\/index.php\/wp-json\/wp\/v2\/users\/1"}],"replies":[{"embeddable":true,"href":"https:\/\/pcbqro.com\/index.php\/wp-json\/wp\/v2\/comments?post=169"}],"version-history":[{"count":35,"href":"https:\/\/pcbqro.com\/index.php\/wp-json\/wp\/v2\/pages\/169\/revisions"}],"predecessor-version":[{"id":494,"href":"https:\/\/pcbqro.com\/index.php\/wp-json\/wp\/v2\/pages\/169\/revisions\/494"}],"wp:attachment":[{"href":"https:\/\/pcbqro.com\/index.php\/wp-json\/wp\/v2\/media?parent=169"}],"curies":[{"name":"wp","href":"https:\/\/api.w.org\/{rel}","templated":true}]}}