{"id":3,"date":"2024-03-12T01:06:24","date_gmt":"2024-03-12T00:06:24","guid":{"rendered":"https:\/\/pcbqro.com\/?page_id=3"},"modified":"2024-06-06T06:52:41","modified_gmt":"2024-06-06T04:52:41","slug":"politica-privacidad","status":"publish","type":"page","link":"https:\/\/pcbqro.com\/index.php\/politica-privacidad\/","title":{"rendered":"AVISO DE PRIVACIDAD"},"content":{"rendered":"\n<p><strong>PROVEEDORA DE CLIMAS DEL BAJIO S.A. DE C.V.<\/strong>&nbsp;Es responsable de la recopilaci\u00f3n de sus datos personales, del uso que se le d\u00e9, as\u00ed como de la protecci\u00f3n de los mismos. La informaci\u00f3n personal que PROVEEDORA DE CLIMAS DEL BAJIO S.A. DE C.V. recabe, ser\u00e1 utilizada para brindarle los servicios y productos que usted ha solicitado, informar sobre cambios o nuevos productos o servicios que est\u00e9n relacionados con el contratado o adquirido por el cliente; dar cumplimiento a obligaciones contra\u00eddas con nuestros clientes; evaluar la calidad del servicio, y realizar estudios internos sobre h\u00e1bitos de consumo. Para las finalidades se\u00f1aladas en el presente aviso de privacidad, podemos recabar sus datos personales de distintas formas: cuando usted nos los proporciona directamente; cuando visita nuestro sitio de Internet o utiliza nuestros servicios en l\u00ednea, y cuando obtenemos informaci\u00f3n a trav\u00e9s de otras fuentes que est\u00e1n permitidas por la ley. Los datos que obtenemos por estos medios pueden ser, entre otros: Raz\u00f3n Social, Nombre del representante o Contacto de la empresa, Direcci\u00f3n, Tel\u00e9fono, Correo electr\u00f3nico, RFC y caracter\u00edsticas del proyecto de construcci\u00f3n del cu\u00e1l se genera la informaci\u00f3n. PROVEEDORA DE CLIMAS DEL BAJIO S.A. DE C.V tambi\u00e9n aplica la pol\u00edtica de privacidad a los usuarios de la p\u00e1gina web y es responsable de la privacidad de los visitantes de la direcci\u00f3n&nbsp;<a href=\"http:\/\/www.pcbqro.com\/\"><strong>www.pcbqro.com<\/strong><\/a><\/p>\n\n\n\n<p>Para facilitar la navegaci\u00f3n, el sitio incluye la recopilaci\u00f3n de cierto tipo de informaci\u00f3n acerca de los usuarios del sitio. La informaci\u00f3n que se recopila en el sitio es \u201cpersonal\u201d y \u201cagregada\u201d. Es personal la que se refiere a datos que usted voluntariamente provee con relaci\u00f3n al uso del apartado del sitio denominado contacto; dicha informaci\u00f3n incluye por ejemplo: Nombre, Correo electr\u00f3nico, Pa\u00eds, Tel\u00e9fono m\u00f3vil, Asunto y Comentario. En cuanto a la informaci\u00f3n agregada, se refiere a la informaci\u00f3n general relativa a los visitantes y usuarios del sitio, por ejemplo: Patrones de tr\u00e1fico, n\u00famero de visitas de ciertas p\u00e1ginas, visitas desde otros sitios de internet o sitios de internet de terceros ligados al sitio, uso de servicios en particular e inter\u00e9s en los servicios en particular e inter\u00e9s en los servicios, informaci\u00f3n o caracter\u00edsticas del sitio u otros proveedores disponibles a trav\u00e9s de o ubicados en el sitio. El uso de la informaci\u00f3n personal es con el \u00fanico fin de tener contacto con usted y una informaci\u00f3n m\u00e1s detallada a su solicitud. Por su parte, el uso de informaci\u00f3n agregada es con el fin de mejorar la navegaci\u00f3n por el sitio. La divulgaci\u00f3n de informaci\u00f3n agregada, no revela informaci\u00f3n personal del usuario del sitio en forma alguna que identifique de qui\u00e9n se trata o c\u00f3mo contactarlo. Para habilitar ciertas caracter\u00edsticas del sitio, \u201cLA EMPRESA\u201d puede asignar uno o m\u00e1s cookies y web beacons a su navegador de internet. Las cookies son archivos de texto que son descargados autom\u00e1ticamente y almacenados en el disco duro del equipo de c\u00f3mputo del usuario al navegar en una p\u00e1gina de Internet espec\u00edfica, que permiten recordar al servidor de Internet algunos datos sobre este usuario, entre ellos, sus preferencias para la visualizaci\u00f3n de las p\u00e1ginas en ese servidor, nombre y contrase\u00f1a. Por su parte, las web beacons son im\u00e1genes insertadas en una p\u00e1gina de Internet o correo electr\u00f3nico, que puede ser utilizadas para monitorear el comportamiento de un visitante, como almacenar informaci\u00f3n sobre la direcci\u00f3n IP del usuario, duraci\u00f3n del tiempo de interacci\u00f3n en dicha p\u00e1gina y el tipo de navegador utilizado, entre otro. Le informamos que utilizamos cookies y web beacons para obtener informaci\u00f3n personal de usted, como la siguiente: Su tipo de navegador y sistema operativo. Las p\u00e1ginas de Internet que visita. Los v\u00ednculos que sigue. La direcci\u00f3n IP. El sitio que visit\u00f3 antes de entrar al nuestro. Estas cookies y otras tecnolog\u00edas pueden ser deshabilitadas al momento de visitar nuestro sitio web, s\u00f3lo necesita configurarlo desde la ventana de su explorador, en la parte de herramientas\/opciones de internet, contin\u00faa d\u00e1ndole click en la parte que dice \u201cprivacidad\u201d ah\u00ed usted podr\u00e1 cambiar la configuraci\u00f3n y permitir o bloquear los cookies y web beacons.<\/p>\n\n\n\n<p>El uso del sitio significa que otorga su consentimiento, as\u00ed como el consentimiento de PROVEEDORA DE CLIMAS DEL BAJIO S.A. DE C.V para la cual usted usa el sitio y cuya informaci\u00f3n usted env\u00eda (en caso de), a este aviso de privacidad en l\u00ednea, incluyendo la recolecci\u00f3n y uso de informaci\u00f3n por parte de PROVEEDORA DE CLIMAS DEL BAJIO S.A. DE C.V, conforme lo establece este enunciado y tambi\u00e9n denota un acuerdo a los t\u00e9rminos de este aviso de privacidad exime a PROVEEDORA DE CLIMAS DEL BAJIO S.A. DE C.V de cualquier responsabilidad con el usuario. PROVEEDORA DE CLIMAS DEL BAJIO S.A. DE C.V&nbsp; no recaba informaci\u00f3n que es considerada como datos personales sensibles por la Ley Federal de Protecci\u00f3n de Datos Personales en Posesi\u00f3n de Particulares. En cualquier momento usted tiene derecho de Acceder, Rectificar o cancelar el uso de los datos personales, as\u00ed como Oponerse al tratamiento de los mismos o revocar el consentimiento que para tal fin se nos haya otorgado (derechos ARCO), para ello, usted tiene que enviarnos una petici\u00f3n por escrito dirigida al encargado de uso y tratamiento de datos personales:&nbsp;<strong>Juan Antonio Chim\u00e9s Hern\u00e1ndez&nbsp;<\/strong>, a trav\u00e9s del correo electr\u00f3nico<a href=\"mailto:%20juan.chimes@pqc.com.mx\">&nbsp;<strong>juan.chimes@pqc.com.mx<\/strong><\/a>&nbsp; , o bien al n\u00famero&nbsp;<strong><a href=\"http:\/\/tel:4423770788\/\">4423770788<\/a><\/strong>&nbsp;de lunes a viernes de 10:00 am a 5:00 pm. PROVEEDORA DE CLIMAS DEL BAJIO S.A. DE C.V tendr\u00e1 un plazo de 7 d\u00edas naturales para atender a su petici\u00f3n, en la contestaci\u00f3n se informar\u00e1 sobre la procedencia de la petici\u00f3n. PROVEEDORA DE CLIMAS DEL BAJIO S.A. DE C.V se reserva el derecho de efectuar modificaciones al presente aviso de privacidad, en atenci\u00f3n y acato de las leyes y reglamentos aplicables o bien, por nuevos requerimientos para brindar nuestros servicios y las pr\u00e1cticas del mercado. Dichas modificaciones siempre estar\u00e1n disponibles al p\u00fablico a trav\u00e9s de nuestras oficinas o a la p\u00e1gina de internet:&nbsp;<strong><a href=\"http:\/\/www.pcbqro.com\/\" target=\"_blank\" rel=\"noreferrer noopener\">www.pcbqro.com<\/a><\/strong><\/p>\n","protected":false},"excerpt":{"rendered":"<p>PROVEEDORA DE CLIMAS DEL BAJIO S.A. DE C.V.&nbsp;Es responsable de la recopilaci\u00f3n de sus datos personales, del uso que se le d\u00e9, as\u00ed como de la protecci\u00f3n de los mismos. La informaci\u00f3n personal que PROVEEDORA DE CLIMAS DEL BAJIO S.A. DE C.V. recabe, ser\u00e1 utilizada para brindarle los servicios y productos que usted ha solicitado, [&hellip;]<\/p>\n","protected":false},"author":1,"featured_media":0,"parent":0,"menu_order":0,"comment_status":"closed","ping_status":"open","template":"","meta":{"_joinchat":[],"footnotes":""},"class_list":["post-3","page","type-page","status-publish","hentry"],"yoast_head":"<!-- This site is optimized with the Yoast SEO Premium plugin v22.8 (Yoast SEO v24.8.1) - https:\/\/yoast.com\/wordpress\/plugins\/seo\/ -->\n<title>AVISO DE PRIVACIDAD ~ Proveedora de Climas del Baj\u00edo, S.A. de C.V.<\/title>\n<meta name=\"robots\" content=\"index, follow, max-snippet:-1, max-image-preview:large, max-video-preview:-1\" \/>\n<link rel=\"canonical\" href=\"https:\/\/pcbqro.com\/index.php\/politica-privacidad\/\" \/>\n<meta property=\"og:locale\" content=\"es_ES\" \/>\n<meta property=\"og:type\" content=\"article\" \/>\n<meta property=\"og:title\" content=\"AVISO DE PRIVACIDAD\" \/>\n<meta property=\"og:description\" content=\"PROVEEDORA DE CLIMAS DEL BAJIO S.A. DE C.V.&nbsp;Es responsable de la recopilaci\u00f3n de sus datos personales, del uso que se le d\u00e9, as\u00ed como de la protecci\u00f3n de los mismos. La informaci\u00f3n personal que PROVEEDORA DE CLIMAS DEL BAJIO S.A. DE C.V. recabe, ser\u00e1 utilizada para brindarle los servicios y productos que usted ha solicitado, [&hellip;]\" \/>\n<meta property=\"og:url\" content=\"https:\/\/pcbqro.com\/index.php\/politica-privacidad\/\" \/>\n<meta property=\"og:site_name\" content=\"Proveedora de Climas del Baj\u00edo, S.A. de C.V.\" \/>\n<meta property=\"article:publisher\" content=\"https:\/\/www.facebook.com\/proveedoraqueretanadeclimas\/\" \/>\n<meta property=\"article:modified_time\" content=\"2024-06-06T04:52:41+00:00\" \/>\n<meta property=\"og:image\" content=\"https:\/\/pcbqro.com\/wp-content\/uploads\/2024\/04\/PCB-QUERETARO.png\" \/>\n\t<meta property=\"og:image:width\" content=\"3760\" \/>\n\t<meta property=\"og:image:height\" content=\"1438\" \/>\n\t<meta property=\"og:image:type\" content=\"image\/png\" \/>\n<meta name=\"twitter:card\" content=\"summary_large_image\" \/>\n<meta name=\"twitter:label1\" content=\"Tiempo de lectura\" \/>\n\t<meta name=\"twitter:data1\" content=\"6 minutos\" \/>\n<script type=\"application\/ld+json\" class=\"yoast-schema-graph\">{\"@context\":\"https:\/\/schema.org\",\"@graph\":[{\"@type\":\"WebPage\",\"@id\":\"https:\/\/pcbqro.com\/index.php\/politica-privacidad\/\",\"url\":\"https:\/\/pcbqro.com\/index.php\/politica-privacidad\/\",\"name\":\"AVISO DE PRIVACIDAD ~ Proveedora de Climas del Baj\u00edo, S.A. de C.V.\",\"isPartOf\":{\"@id\":\"https:\/\/pcbqro.com\/#website\"},\"datePublished\":\"2024-03-12T00:06:24+00:00\",\"dateModified\":\"2024-06-06T04:52:41+00:00\",\"breadcrumb\":{\"@id\":\"https:\/\/pcbqro.com\/index.php\/politica-privacidad\/#breadcrumb\"},\"inLanguage\":\"es\",\"potentialAction\":[{\"@type\":\"ReadAction\",\"target\":[\"https:\/\/pcbqro.com\/index.php\/politica-privacidad\/\"]}]},{\"@type\":\"BreadcrumbList\",\"@id\":\"https:\/\/pcbqro.com\/index.php\/politica-privacidad\/#breadcrumb\",\"itemListElement\":[{\"@type\":\"ListItem\",\"position\":1,\"name\":\"Portada\",\"item\":\"https:\/\/pcbqro.com\/\"},{\"@type\":\"ListItem\",\"position\":2,\"name\":\"AVISO DE PRIVACIDAD\"}]},{\"@type\":\"WebSite\",\"@id\":\"https:\/\/pcbqro.com\/#website\",\"url\":\"https:\/\/pcbqro.com\/\",\"name\":\"Proveedora de Climas del Baj\u00edo, S.A. de C.V.\",\"description\":\"Proveedora de Climas del Baj\u00edo\",\"publisher\":{\"@id\":\"https:\/\/pcbqro.com\/#organization\"},\"potentialAction\":[{\"@type\":\"SearchAction\",\"target\":{\"@type\":\"EntryPoint\",\"urlTemplate\":\"https:\/\/pcbqro.com\/?s={search_term_string}\"},\"query-input\":{\"@type\":\"PropertyValueSpecification\",\"valueRequired\":true,\"valueName\":\"search_term_string\"}}],\"inLanguage\":\"es\"},{\"@type\":\"Organization\",\"@id\":\"https:\/\/pcbqro.com\/#organization\",\"name\":\"Proveedora de Climas del Baj\u00edo, S.A. de C.V.\",\"url\":\"https:\/\/pcbqro.com\/\",\"logo\":{\"@type\":\"ImageObject\",\"inLanguage\":\"es\",\"@id\":\"https:\/\/pcbqro.com\/#\/schema\/logo\/image\/\",\"url\":\"https:\/\/pcbqro.com\/wp-content\/uploads\/2024\/04\/PCB-QUERETARO.png\",\"contentUrl\":\"https:\/\/pcbqro.com\/wp-content\/uploads\/2024\/04\/PCB-QUERETARO.png\",\"width\":3760,\"height\":1438,\"caption\":\"Proveedora de Climas del Baj\u00edo, S.A. de C.V.\"},\"image\":{\"@id\":\"https:\/\/pcbqro.com\/#\/schema\/logo\/image\/\"},\"sameAs\":[\"https:\/\/www.facebook.com\/proveedoraqueretanadeclimas\/\"],\"publishingPrinciples\":\"https:\/\/pcbqro.com\/index.php\/politica-privacidad\/\",\"ownershipFundingInfo\":\"https:\/\/pcbqro.com\/index.php\/politica-privacidad\/\",\"actionableFeedbackPolicy\":\"https:\/\/pcbqro.com\/index.php\/politica-privacidad\/\",\"correctionsPolicy\":\"https:\/\/pcbqro.com\/index.php\/politica-privacidad\/\",\"ethicsPolicy\":\"https:\/\/pcbqro.com\/index.php\/politica-privacidad\/\",\"diversityPolicy\":\"https:\/\/pcbqro.com\/index.php\/politica-privacidad\/\",\"diversityStaffingReport\":\"https:\/\/pcbqro.com\/index.php\/politica-privacidad\/\"}]}<\/script>\n<!-- \/ Yoast SEO Premium plugin. -->","yoast_head_json":{"title":"AVISO DE PRIVACIDAD ~ Proveedora de Climas del Baj\u00edo, S.A. de C.V.","robots":{"index":"index","follow":"follow","max-snippet":"max-snippet:-1","max-image-preview":"max-image-preview:large","max-video-preview":"max-video-preview:-1"},"canonical":"https:\/\/pcbqro.com\/index.php\/politica-privacidad\/","og_locale":"es_ES","og_type":"article","og_title":"AVISO DE PRIVACIDAD","og_description":"PROVEEDORA DE CLIMAS DEL BAJIO S.A. DE C.V.&nbsp;Es responsable de la recopilaci\u00f3n de sus datos personales, del uso que se le d\u00e9, as\u00ed como de la protecci\u00f3n de los mismos. La informaci\u00f3n personal que PROVEEDORA DE CLIMAS DEL BAJIO S.A. DE C.V. recabe, ser\u00e1 utilizada para brindarle los servicios y productos que usted ha solicitado, [&hellip;]","og_url":"https:\/\/pcbqro.com\/index.php\/politica-privacidad\/","og_site_name":"Proveedora de Climas del Baj\u00edo, S.A. de C.V.","article_publisher":"https:\/\/www.facebook.com\/proveedoraqueretanadeclimas\/","article_modified_time":"2024-06-06T04:52:41+00:00","og_image":[{"width":3760,"height":1438,"url":"https:\/\/pcbqro.com\/wp-content\/uploads\/2024\/04\/PCB-QUERETARO.png","type":"image\/png"}],"twitter_card":"summary_large_image","twitter_misc":{"Tiempo de lectura":"6 minutos"},"schema":{"@context":"https:\/\/schema.org","@graph":[{"@type":"WebPage","@id":"https:\/\/pcbqro.com\/index.php\/politica-privacidad\/","url":"https:\/\/pcbqro.com\/index.php\/politica-privacidad\/","name":"AVISO DE PRIVACIDAD ~ Proveedora de Climas del Baj\u00edo, S.A. de C.V.","isPartOf":{"@id":"https:\/\/pcbqro.com\/#website"},"datePublished":"2024-03-12T00:06:24+00:00","dateModified":"2024-06-06T04:52:41+00:00","breadcrumb":{"@id":"https:\/\/pcbqro.com\/index.php\/politica-privacidad\/#breadcrumb"},"inLanguage":"es","potentialAction":[{"@type":"ReadAction","target":["https:\/\/pcbqro.com\/index.php\/politica-privacidad\/"]}]},{"@type":"BreadcrumbList","@id":"https:\/\/pcbqro.com\/index.php\/politica-privacidad\/#breadcrumb","itemListElement":[{"@type":"ListItem","position":1,"name":"Portada","item":"https:\/\/pcbqro.com\/"},{"@type":"ListItem","position":2,"name":"AVISO DE PRIVACIDAD"}]},{"@type":"WebSite","@id":"https:\/\/pcbqro.com\/#website","url":"https:\/\/pcbqro.com\/","name":"Proveedora de Climas del Baj\u00edo, S.A. de C.V.","description":"Proveedora de Climas del Baj\u00edo","publisher":{"@id":"https:\/\/pcbqro.com\/#organization"},"potentialAction":[{"@type":"SearchAction","target":{"@type":"EntryPoint","urlTemplate":"https:\/\/pcbqro.com\/?s={search_term_string}"},"query-input":{"@type":"PropertyValueSpecification","valueRequired":true,"valueName":"search_term_string"}}],"inLanguage":"es"},{"@type":"Organization","@id":"https:\/\/pcbqro.com\/#organization","name":"Proveedora de Climas del Baj\u00edo, S.A. de C.V.","url":"https:\/\/pcbqro.com\/","logo":{"@type":"ImageObject","inLanguage":"es","@id":"https:\/\/pcbqro.com\/#\/schema\/logo\/image\/","url":"https:\/\/pcbqro.com\/wp-content\/uploads\/2024\/04\/PCB-QUERETARO.png","contentUrl":"https:\/\/pcbqro.com\/wp-content\/uploads\/2024\/04\/PCB-QUERETARO.png","width":3760,"height":1438,"caption":"Proveedora de Climas del Baj\u00edo, S.A. de C.V."},"image":{"@id":"https:\/\/pcbqro.com\/#\/schema\/logo\/image\/"},"sameAs":["https:\/\/www.facebook.com\/proveedoraqueretanadeclimas\/"],"publishingPrinciples":"https:\/\/pcbqro.com\/index.php\/politica-privacidad\/","ownershipFundingInfo":"https:\/\/pcbqro.com\/index.php\/politica-privacidad\/","actionableFeedbackPolicy":"https:\/\/pcbqro.com\/index.php\/politica-privacidad\/","correctionsPolicy":"https:\/\/pcbqro.com\/index.php\/politica-privacidad\/","ethicsPolicy":"https:\/\/pcbqro.com\/index.php\/politica-privacidad\/","diversityPolicy":"https:\/\/pcbqro.com\/index.php\/politica-privacidad\/","diversityStaffingReport":"https:\/\/pcbqro.com\/index.php\/politica-privacidad\/"}]}},"_links":{"self":[{"href":"https:\/\/pcbqro.com\/index.php\/wp-json\/wp\/v2\/pages\/3","targetHints":{"allow":["GET"]}}],"collection":[{"href":"https:\/\/pcbqro.com\/index.php\/wp-json\/wp\/v2\/pages"}],"about":[{"href":"https:\/\/pcbqro.com\/index.php\/wp-json\/wp\/v2\/types\/page"}],"author":[{"embeddable":true,"href":"https:\/\/pcbqro.com\/index.php\/wp-json\/wp\/v2\/users\/1"}],"replies":[{"embeddable":true,"href":"https:\/\/pcbqro.com\/index.php\/wp-json\/wp\/v2\/comments?post=3"}],"version-history":[{"count":1,"href":"https:\/\/pcbqro.com\/index.php\/wp-json\/wp\/v2\/pages\/3\/revisions"}],"predecessor-version":[{"id":450,"href":"https:\/\/pcbqro.com\/index.php\/wp-json\/wp\/v2\/pages\/3\/revisions\/450"}],"wp:attachment":[{"href":"https:\/\/pcbqro.com\/index.php\/wp-json\/wp\/v2\/media?parent=3"}],"curies":[{"name":"wp","href":"https:\/\/api.w.org\/{rel}","templated":true}]}}